{"id":316,"date":"2017-04-10T20:36:38","date_gmt":"2017-04-10T18:36:38","guid":{"rendered":"http:\/\/www.ideesplusmq.com\/?page_id=316"},"modified":"2021-10-18T16:05:44","modified_gmt":"2021-10-18T14:05:44","slug":"notre-equipe","status":"publish","type":"page","link":"https:\/\/www.ideesplusmq.com\/index.php\/notre-equipe\/","title":{"rendered":"Notre \u00e9quipe"},"content":{"rendered":"<p>[vc_row css=\u00a0\u00bb.vc_custom_1491854199334{margin-top: 30px !important;}\u00a0\u00bb][vc_column width=\u00a0\u00bb1\/3&Prime;][ult_ihover thumb_shape=\u00a0\u00bbsquare\u00a0\u00bb][ult_ihover_item thumb_img=\u00a0\u00bb338&Prime; hover_effect=\u00a0\u00bbeffect19&Prime; title_responsive_font_size=\u00a0\u00bbdesktop:22px;\u00a0\u00bb title_responsive_line_height=\u00a0\u00bbdesktop:28px;\u00a0\u00bb desc_responsive_font_size=\u00a0\u00bbdesktop:12px;\u00a0\u00bb desc_responsive_line_height=\u00a0\u00bbdesktop:18px;\u00a0\u00bb]<\/p>\n<h5>Confidentialit\u00e9 et discr\u00e9tion sont des valeurs essentielles\u00a0; des valeurs transmises \u00e0 nos intervenantes afin que les prestations se d\u00e9roulent dans une confiance absolue.<\/h5>\n<h3><strong><span style=\"color: #c4205f;\">Charg\u00e9(e) d&rsquo;acceuil<\/span><\/strong><\/h3>\n<p><strong><span class=\"icon-mobile-1\" data-rt-animate=\"animate\" data-rt-animation-type=\"fadeInDown\" data-rt-animation-group=\"single\"><\/span>\u00a0 0596 56 16 41<\/strong><br \/>\n<strong><span class=\"icon-mail-1\" data-rt-animate=\"animate\" data-rt-animation-type=\"fadeInDown\" data-rt-animation-group=\"single\"><\/span> contact@idees-plus.com<br \/>\n<\/strong>[\/vc_column_text][\/vc_column][vc_column width=\u00a0\u00bb1\/3&Prime;][ult_ihover thumb_shape=\u00a0\u00bbsquare\u00a0\u00bb][ult_ihover_item thumb_img=\u00a0\u00bb336&Prime; hover_effect=\u00a0\u00bbeffect19&Prime; title_responsive_font_size=\u00a0\u00bbdesktop:22px;\u00a0\u00bb title_responsive_line_height=\u00a0\u00bbdesktop:28px;\u00a0\u00bb desc_responsive_font_size=\u00a0\u00bbdesktop:12px;\u00a0\u00bb desc_responsive_line_height=\u00a0\u00bbdesktop:18px;\u00a0\u00bb]<\/p>\n<h4>Vous nous accordez votre confiance en nous ouvrant les portes de votre domicile. De ce fait, nous nous engageons \u00e0 vous d\u00e9livrer des prestations de qualit\u00e9s gr\u00e2ce \u00e0 un personnel dipl\u00f4m\u00e9 et qualifi\u00e9.<\/h4>\n<h4>\u00ab\u00a0Vous satisfaire !\u00a0\u00bb est au c\u0153ur de nos pr\u00e9occupations, pour cela nous mettons en place un suivi r\u00e9gulier des prestations.<\/h4>\n<h3><strong><span style=\"color: #c4205f;\">Responsable de secteur<\/span><\/strong><\/h3>\n<p><strong><span class=\"icon-mobile-1\" data-rt-animate=\"animate\" data-rt-animation-type=\"fadeInDown\" data-rt-animation-group=\"single\"><\/span>\u00a0 0596 56 16 41<\/strong><br \/>\n<strong><span class=\"icon-mail-1\" data-rt-animate=\"animate\" data-rt-animation-type=\"fadeInDown\" data-rt-animation-group=\"single\"><\/span> contact@idees-plus.com<br \/>\n<\/strong>[\/vc_column_text][\/vc_column][\/vc_row][vc_row full_width=\u00a0\u00bbstretch_row_content_no_spaces\u00a0\u00bb bg_type=\u00a0\u00bbimage\u00a0\u00bb bg_override=\u00a0\u00bbfull\u00a0\u00bb parallax_content=\u00a0\u00bboff\u00a0\u00bb css=\u00a0\u00bb.vc_custom_1491859304942{background-color: rgba(51,51,51,0.86) !important;*background-color: rgb(51,51,51) !important;}\u00a0\u00bb][vc_column][vc_column_text css=\u00a0\u00bb.vc_custom_1491858782538{margin-top: 100px !important;margin-bottom: 100px !important;}\u00a0\u00bb]<\/p>\n<h1 style=\"text-align: center;\"><span style=\"font-size: 36pt; color: #ffffff;\">Nos intervenants<\/span><\/h1>\n<p>[\/vc_column_text][\/vc_column][\/vc_row][vc_row css=\u00a0\u00bb.vc_custom_1491860078698{margin-bottom: 20px !important;}\u00a0\u00bb][vc_column][vc_images_carousel images=\u00a0\u00bb346,344,343,341,340,347&Prime; img_size=\u00a0\u00bblarge\u00a0\u00bb speed=\u00a0\u00bb2000&Prime; slides_per_view=\u00a0\u00bb5&Prime; hide_pagination_control=\u00a0\u00bbyes\u00a0\u00bb hide_prev_next_buttons=\u00a0\u00bbyes\u00a0\u00bb css=\u00a0\u00bb.vc_custom_1491859982936{margin-top: 30px !important;margin-bottom: 10px !important;}\u00a0\u00bb][\/vc_column][\/vc_row]<\/p>\n","protected":false},"excerpt":{"rendered":"<p>[vc_row css=\u00a0\u00bb.vc_custom_1491854199334{margin-top: 30px !important;}\u00a0\u00bb][vc_column width=\u00a0\u00bb1\/3&Prime;][ult_ihover thumb_shape=\u00a0\u00bbsquare\u00a0\u00bb][ult_ihover_item thumb_img=\u00a0\u00bb338&Prime; hover_effect=\u00a0\u00bbeffect19&Prime; title_responsive_font_size=\u00a0\u00bbdesktop:22px;\u00a0\u00bb title_responsive_line_height=\u00a0\u00bbdesktop:28px;\u00a0\u00bb desc_responsive_font_size=\u00a0\u00bbdesktop:12px;\u00a0\u00bb desc_responsive_line_height=\u00a0\u00bbdesktop:18px;\u00a0\u00bb] Confidentialit\u00e9 et discr\u00e9tion sont des valeurs essentielles\u00a0; des valeurs transmises \u00e0 nos intervenantes afin que les prestations se d\u00e9roulent dans une confiance absolue. Charg\u00e9(e) d&rsquo;acceuil \u00a0 0596 56 16 41 contact@idees-plus.com [\/vc_column_text][\/vc_column][vc_column width=\u00a0\u00bb1\/3&Prime;][ult_ihover thumb_shape=\u00a0\u00bbsquare\u00a0\u00bb][ult_ihover_item thumb_img=\u00a0\u00bb336&Prime; hover_effect=\u00a0\u00bbeffect19&Prime; title_responsive_font_size=\u00a0\u00bbdesktop:22px;\u00a0\u00bb title_responsive_line_height=\u00a0\u00bbdesktop:28px;\u00a0\u00bb desc_responsive_font_size=\u00a0\u00bbdesktop:12px;\u00a0\u00bb desc_responsive_line_height=\u00a0\u00bbdesktop:18px;\u00a0\u00bb] Vous nous accordez [&hellip;]<\/p>\n","protected":false},"author":1,"featured_media":0,"parent":0,"menu_order":0,"comment_status":"closed","ping_status":"closed","template":"","meta":{"footnotes":""},"class_list":["post-316","page","type-page","status-publish","hentry"],"_links":{"self":[{"href":"https:\/\/www.ideesplusmq.com\/index.php\/wp-json\/wp\/v2\/pages\/316","targetHints":{"allow":["GET"]}}],"collection":[{"href":"https:\/\/www.ideesplusmq.com\/index.php\/wp-json\/wp\/v2\/pages"}],"about":[{"href":"https:\/\/www.ideesplusmq.com\/index.php\/wp-json\/wp\/v2\/types\/page"}],"author":[{"embeddable":true,"href":"https:\/\/www.ideesplusmq.com\/index.php\/wp-json\/wp\/v2\/users\/1"}],"replies":[{"embeddable":true,"href":"https:\/\/www.ideesplusmq.com\/index.php\/wp-json\/wp\/v2\/comments?post=316"}],"version-history":[{"count":23,"href":"https:\/\/www.ideesplusmq.com\/index.php\/wp-json\/wp\/v2\/pages\/316\/revisions"}],"predecessor-version":[{"id":436,"href":"https:\/\/www.ideesplusmq.com\/index.php\/wp-json\/wp\/v2\/pages\/316\/revisions\/436"}],"wp:attachment":[{"href":"https:\/\/www.ideesplusmq.com\/index.php\/wp-json\/wp\/v2\/media?parent=316"}],"curies":[{"name":"wp","href":"https:\/\/api.w.org\/{rel}","templated":true}]}}