{"id":261,"date":"2017-01-04T10:16:14","date_gmt":"2017-01-04T09:16:14","guid":{"rendered":"http:\/\/www.ideesplusmq.com\/?page_id=261"},"modified":"2017-04-01T13:38:50","modified_gmt":"2017-04-01T11:38:50","slug":"nos-idees-plus","status":"publish","type":"page","link":"https:\/\/www.ideesplusmq.com\/index.php\/nos-idees-plus\/","title":{"rendered":"Nos id\u00e9es plus"},"content":{"rendered":"<p>[vc_row css=\u00a0\u00bb.vc_custom_1483520667451{margin-top: 30px !important;}\u00a0\u00bb][vc_column width=\u00a0\u00bb1\/3&Prime;][vc_single_image image=\u00a0\u00bb297&Prime; img_size=\u00a0\u00bblarge\u00a0\u00bb css_animation=\u00a0\u00bbslideInLeft\u00a0\u00bb][\/vc_column][vc_column width=\u00a0\u00bb2\/3&Prime;][vc_column_text]Dans l&rsquo;optique de vous apporter un service\u00a0au plus pr\u00e8s de votre demande, nous\u00a0cherchons en permanence\u00a0\u00e0 nous\u00a0 perfectionner et \u00e0 nous\u00a0tenir \u00e0 jour\u00a0des \u00e9volutions\u00a0du\u00a0secteur des services \u00e0 la personne.<\/p>\n<ul>\n<li>Agr\u00e9ment Qualit\u00e9 n\u00b0 N\/201010\/A\/972\/Q\/006<\/li>\n<li>Ch\u00e8ques CESU accept\u00e9s<\/li>\n<li>Suivis et contr\u00f4les r\u00e9guliers des prestations<\/li>\n<li>Nos intervenants \u00e0 domicile sont form\u00e9s par des organismes agr\u00e9es, des m\u00e9decins et des psychologues<\/li>\n<\/ul>\n<p><b>Comment \u00e7a marche ?<\/b><\/p>\n<ol>\n<li>Vous nous contactez par mail ou t\u00e9l\u00e9phone afin de nous faire part de vos besoins<\/li>\n<li>Nous prenons rendez-vous \u00e0 votre domicile afin de faire une\u00a0\u00e9valuation pr\u00e9cise de vos besoins et \u00e9tablir un planning ensemble<\/li>\n<li>Suite \u00e0 la visite \u00e0 votre domicile, nous vous faisons part d\u2019un devis<\/li>\n<li>Si vous acceptez le devis, nous vous envoyons le contrat de prestation que vous devez nous renvoyer sign\u00e9 avant le d\u00e9but de la prestation<\/li>\n<li>Avant le d\u00e9but de la prestation, nous accompagnons\u00a0l&rsquo;intervenant \u00e0 votre domicile afin de faire les pr\u00e9sentations<\/li>\n<li>Apr\u00e8s la premi\u00e8re prestation, nous vous contactons afin d\u2019\u00e9valuer votre satisfaction<\/li>\n<\/ol>\n<p>[\/vc_column_text][\/vc_column][\/vc_row]<\/p>\n","protected":false},"excerpt":{"rendered":"<p>[vc_row css=\u00a0\u00bb.vc_custom_1483520667451{margin-top: 30px !important;}\u00a0\u00bb][vc_column width=\u00a0\u00bb1\/3&Prime;][vc_single_image image=\u00a0\u00bb297&Prime; img_size=\u00a0\u00bblarge\u00a0\u00bb css_animation=\u00a0\u00bbslideInLeft\u00a0\u00bb][\/vc_column][vc_column width=\u00a0\u00bb2\/3&Prime;][vc_column_text]Dans l&rsquo;optique de vous apporter un service\u00a0au plus pr\u00e8s de votre demande, nous\u00a0cherchons en permanence\u00a0\u00e0 nous\u00a0 perfectionner et \u00e0 nous\u00a0tenir \u00e0 jour\u00a0des \u00e9volutions\u00a0du\u00a0secteur des services \u00e0 la personne. Agr\u00e9ment Qualit\u00e9 n\u00b0 N\/201010\/A\/972\/Q\/006 Ch\u00e8ques CESU accept\u00e9s Suivis et contr\u00f4les r\u00e9guliers des prestations Nos intervenants \u00e0 domicile sont form\u00e9s [&hellip;]<\/p>\n","protected":false},"author":1,"featured_media":0,"parent":0,"menu_order":0,"comment_status":"closed","ping_status":"closed","template":"","meta":{"footnotes":""},"class_list":["post-261","page","type-page","status-publish","hentry"],"_links":{"self":[{"href":"https:\/\/www.ideesplusmq.com\/index.php\/wp-json\/wp\/v2\/pages\/261","targetHints":{"allow":["GET"]}}],"collection":[{"href":"https:\/\/www.ideesplusmq.com\/index.php\/wp-json\/wp\/v2\/pages"}],"about":[{"href":"https:\/\/www.ideesplusmq.com\/index.php\/wp-json\/wp\/v2\/types\/page"}],"author":[{"embeddable":true,"href":"https:\/\/www.ideesplusmq.com\/index.php\/wp-json\/wp\/v2\/users\/1"}],"replies":[{"embeddable":true,"href":"https:\/\/www.ideesplusmq.com\/index.php\/wp-json\/wp\/v2\/comments?post=261"}],"version-history":[{"count":7,"href":"https:\/\/www.ideesplusmq.com\/index.php\/wp-json\/wp\/v2\/pages\/261\/revisions"}],"predecessor-version":[{"id":298,"href":"https:\/\/www.ideesplusmq.com\/index.php\/wp-json\/wp\/v2\/pages\/261\/revisions\/298"}],"wp:attachment":[{"href":"https:\/\/www.ideesplusmq.com\/index.php\/wp-json\/wp\/v2\/media?parent=261"}],"curies":[{"name":"wp","href":"https:\/\/api.w.org\/{rel}","templated":true}]}}