{"id":234,"date":"2016-12-24T23:04:53","date_gmt":"2016-12-24T22:04:53","guid":{"rendered":"http:\/\/www.ideesplusmq.com\/?page_id=234"},"modified":"2021-10-12T16:13:44","modified_gmt":"2021-10-12T14:13:44","slug":"nos-services","status":"publish","type":"page","link":"https:\/\/www.ideesplusmq.com\/index.php\/nos-services\/","title":{"rendered":"Nos services"},"content":{"rendered":"<p>[vc_section][vc_row css=\u00a0\u00bb.vc_custom_1483443112133{margin-top: 30px !important;}\u00a0\u00bb][vc_column width=\u00a0\u00bb1\/3&Prime;][vc_single_image image=\u00a0\u00bb233&Prime; img_size=\u00a0\u00bblarge\u00a0\u00bb style=\u00a0\u00bbvc_box_circle_2&Prime; css_animation=\u00a0\u00bbslideInLeft\u00a0\u00bb][\/vc_column][vc_column width=\u00a0\u00bb2\/3&Prime;][vc_column_text]<\/p>\n<h2 class=\"vc_custom_heading wpb_animate_when_almost_visible wpb_bounceInDown bounceInDown wpb_start_animation animated\"><span style=\"color: #c41e5e;\">Services aux personnes \u00e2g\u00e9es, d\u00e9pendantes et\/ou en situation de handicapes<\/span><\/h2>\n<p><span style=\"color: #1a1a1a;\">Id\u00e9es Plus vous propose divers services pour les personnes \u00e2g\u00e9es, d\u00e9pendantes et\/ou en situation de handicapes afin de leur permettre de continuer \u00e0 vivre \u00e0 leur domicile, maintenir leur autonomie et continuer \u00e0 avoir un lien social. Afin de r\u00e9pondre au mieux \u00e0 vos besoins, ces services sont r\u00e9alis\u00e9s par nos auxiliaires de vie qui se feront un plaisir de les accompagner.<\/span><\/p>\n<p><span style=\"color: #1a1a1a;\"><strong>Les diff\u00e9rents services:<\/strong><\/span><\/p>\n<ul>\n<li><span style=\"color: #1a1a1a;\">Assistance aux personnes \u00e2g\u00e9es, d\u00e9pendantes et en situation de handicapes<\/span><\/li>\n<li><span style=\"color: #1a1a1a;\">Aide \u00e0 la mobilit\u00e9* (doit rentrer dans une offre globale de services)<\/span><\/li>\n<li><span style=\"color: #1a1a1a;\">Soins corporels et esth\u00e9tiques \u00e0 domicile pour personnes d\u00e9pendantes<\/span><\/li>\n<li><span style=\"color: #1a1a1a;\">Dame de compagnie<\/span><\/li>\n<li><span style=\"color: #1a1a1a;\">Garde de nuit<\/span><\/li>\n<li><span style=\"color: #1a1a1a;\">Garde malade<\/span><\/li>\n<li><span style=\"color: #1a1a1a;\">Pr\u00e9paration des repas<\/span><\/li>\n<\/ul>\n<p>[\/vc_column_text][\/vc_column][\/vc_row][\/vc_section][vc_row full_width=\u00a0\u00bbstretch_row_content_no_spaces\u00a0\u00bb notification=\u00a0\u00bb\u00a0\u00bb][vc_column][vc_separator][\/vc_column][\/vc_row][vc_row css=\u00a0\u00bb.vc_custom_1483444186122{margin-top: 30px !important;}\u00a0\u00bb][vc_column width=\u00a0\u00bb1\/3&Prime;][vc_single_image image=\u00a0\u00bb276&Prime; img_size=\u00a0\u00bblarge\u00a0\u00bb style=\u00a0\u00bbvc_box_circle_2&Prime; css_animation=\u00a0\u00bbslideInLeft\u00a0\u00bb][\/vc_column][vc_column width=\u00a0\u00bb2\/3&Prime;][vc_column_text]<\/p>\n<h2 class=\"vc_custom_heading wpb_animate_when_almost_visible wpb_bounceInDown bounceInDown wpb_start_animation animated\"><span style=\"color: #c41e5e;\">Services \u00e0 la famille<\/span><\/h2>\n<p>Nous vous proposons divers services \u00e0 la famille. Pour votre confort, les services d\u00e9di\u00e9s aux enfants sont assur\u00e9s par nos\u00a0auxiliaires de vie ou notre personnel poss\u00e9dant le BAFA ou CAP petite enfance<\/p>\n<p><strong>Les services propos\u00e9s:<\/strong><\/p>\n<ul>\n<li>Garde d&rsquo;enfants \u00e0 domicile<\/li>\n<li>Accompagnement d&rsquo;enfants dans leurs d\u00e9placements<\/li>\n<li>Soutien scolaire \u00e0 domicile<\/li>\n<li>Cours et assistance informatique \u00e0 domicile<\/li>\n<li>Services bien-\u00eatre<\/li>\n<\/ul>\n<p>[\/vc_column_text][\/vc_column][\/vc_row][vc_row full_width=\u00a0\u00bbstretch_row_content_no_spaces\u00a0\u00bb notification=\u00a0\u00bb\u00a0\u00bb][vc_column][vc_separator][\/vc_column][\/vc_row][vc_row css=\u00a0\u00bb.vc_custom_1490910856105{margin-top: 30px !important;}\u00a0\u00bb notification=\u00a0\u00bb\u00a0\u00bb][vc_column width=\u00a0\u00bb1\/3&Prime;][vc_single_image image=\u00a0\u00bb225&Prime; img_size=\u00a0\u00bblarge\u00a0\u00bb style=\u00a0\u00bbvc_box_circle_2&Prime; css_animation=\u00a0\u00bbslideInLeft\u00a0\u00bb][\/vc_column][vc_column width=\u00a0\u00bb2\/3&Prime;][vc_column_text]<\/p>\n<h2 class=\"vc_custom_heading wpb_animate_when_almost_visible wpb_bounceInDown bounceInDown wpb_start_animation animated\" style=\"text-align: left;\"><span style=\"color: #c41e5e;\">Services d&rsquo;aide au quotidien<\/span><\/h2>\n<p style=\"text-align: left;\">Id\u00e9es Plus vous propose divers services d&rsquo;aide-m\u00e9nag\u00e8re pour faciliter votre quotidien<\/p>\n<p style=\"text-align: left;\"><strong>Les diff\u00e9rents services :<\/strong><\/p>\n<ul>\n<li style=\"text-align: left;\">M\u00e9nage<\/li>\n<li style=\"text-align: left;\">Repassage<\/li>\n<\/ul>\n<p>[\/vc_column_text][\/vc_column][\/vc_row]<\/p>\n","protected":false},"excerpt":{"rendered":"<p>[vc_section][vc_row css=\u00a0\u00bb.vc_custom_1483443112133{margin-top: 30px !important;}\u00a0\u00bb][vc_column width=\u00a0\u00bb1\/3&Prime;][vc_single_image image=\u00a0\u00bb233&Prime; img_size=\u00a0\u00bblarge\u00a0\u00bb style=\u00a0\u00bbvc_box_circle_2&Prime; css_animation=\u00a0\u00bbslideInLeft\u00a0\u00bb][\/vc_column][vc_column width=\u00a0\u00bb2\/3&Prime;][vc_column_text] Services aux personnes \u00e2g\u00e9es, d\u00e9pendantes et\/ou en situation de handicapes Id\u00e9es Plus vous propose divers services pour les personnes \u00e2g\u00e9es, d\u00e9pendantes et\/ou en situation de handicapes afin de leur permettre de continuer \u00e0 vivre \u00e0 leur domicile, maintenir leur autonomie et continuer \u00e0 avoir un [&hellip;]<\/p>\n","protected":false},"author":1,"featured_media":0,"parent":0,"menu_order":0,"comment_status":"closed","ping_status":"closed","template":"","meta":{"footnotes":""},"class_list":["post-234","page","type-page","status-publish","hentry"],"_links":{"self":[{"href":"https:\/\/www.ideesplusmq.com\/index.php\/wp-json\/wp\/v2\/pages\/234","targetHints":{"allow":["GET"]}}],"collection":[{"href":"https:\/\/www.ideesplusmq.com\/index.php\/wp-json\/wp\/v2\/pages"}],"about":[{"href":"https:\/\/www.ideesplusmq.com\/index.php\/wp-json\/wp\/v2\/types\/page"}],"author":[{"embeddable":true,"href":"https:\/\/www.ideesplusmq.com\/index.php\/wp-json\/wp\/v2\/users\/1"}],"replies":[{"embeddable":true,"href":"https:\/\/www.ideesplusmq.com\/index.php\/wp-json\/wp\/v2\/comments?post=234"}],"version-history":[{"count":8,"href":"https:\/\/www.ideesplusmq.com\/index.php\/wp-json\/wp\/v2\/pages\/234\/revisions"}],"predecessor-version":[{"id":434,"href":"https:\/\/www.ideesplusmq.com\/index.php\/wp-json\/wp\/v2\/pages\/234\/revisions\/434"}],"wp:attachment":[{"href":"https:\/\/www.ideesplusmq.com\/index.php\/wp-json\/wp\/v2\/media?parent=234"}],"curies":[{"name":"wp","href":"https:\/\/api.w.org\/{rel}","templated":true}]}}